{"id":429,"date":"2025-11-19T16:33:14","date_gmt":"2025-11-19T15:33:14","guid":{"rendered":"https:\/\/cpts-ouest-herault.fr\/?page_id=429"},"modified":"2025-11-19T16:33:15","modified_gmt":"2025-11-19T15:33:15","slug":"actualites-de-la-cpts","status":"publish","type":"page","link":"https:\/\/cpts-ouest-herault.fr\/index.php\/actualites-de-la-cpts\/","title":{"rendered":"Actualit\u00e9s de la CPTS"},"content":{"rendered":"\n<div class=\"wp-block-query is-layout-flow wp-block-query-is-layout-flow\"><\/div>\n\n\n\n<div class=\"wp-block-query is-layout-flow wp-block-query-is-layout-flow\"><ul class=\"wp-block-post-template is-layout-flow wp-block-post-template-is-layout-flow\"><li class=\"wp-block-post post-578 post type-post status-publish format-standard has-post-thumbnail hentry category-cpts\">\n\n<div class=\"wp-block-columns alignwide is-layout-flex wp-container-core-columns-is-layout-28f84493 wp-block-columns-is-layout-flex\">\n<div class=\"wp-block-column is-layout-flow wp-block-column-is-layout-flow\" style=\"flex-basis:66.66%\"><figure class=\"wp-block-post-featured-image\"><a href=\"https:\/\/cpts-ouest-herault.fr\/index.php\/2026\/04\/08\/collecte-solidaire-en-pharmacie-la-cpts-ouest-herault-mobilisee-aux-cotes-des-restos-du-coeur\/\" target=\"_self\"  ><img loading=\"lazy\" decoding=\"async\" width=\"2560\" height=\"1440\" src=\"https:\/\/cpts-ouest-herault.fr\/wp-content\/uploads\/2026\/04\/Image-article-CPTS-5.png\" class=\"attachment-post-thumbnail size-post-thumbnail wp-post-image\" alt=\"Collecte solidaire en pharmacie : la CPTS Ouest H\u00e9rault mobilis\u00e9e aux c\u00f4t\u00e9s des Restos du C\u0153ur\" style=\"object-fit:cover;\" srcset=\"https:\/\/cpts-ouest-herault.fr\/wp-content\/uploads\/2026\/04\/Image-article-CPTS-5.png 2560w, https:\/\/cpts-ouest-herault.fr\/wp-content\/uploads\/2026\/04\/Image-article-CPTS-5-300x169.png 300w, https:\/\/cpts-ouest-herault.fr\/wp-content\/uploads\/2026\/04\/Image-article-CPTS-5-1024x576.png 1024w, https:\/\/cpts-ouest-herault.fr\/wp-content\/uploads\/2026\/04\/Image-article-CPTS-5-768x432.png 768w, https:\/\/cpts-ouest-herault.fr\/wp-content\/uploads\/2026\/04\/Image-article-CPTS-5-100x56.png 100w, https:\/\/cpts-ouest-herault.fr\/wp-content\/uploads\/2026\/04\/Image-article-CPTS-5-1536x864.png 1536w, https:\/\/cpts-ouest-herault.fr\/wp-content\/uploads\/2026\/04\/Image-article-CPTS-5-2048x1152.png 2048w, https:\/\/cpts-ouest-herault.fr\/wp-content\/uploads\/2026\/04\/Image-article-CPTS-5-1320x743.png 1320w\" sizes=\"auto, (max-width: 2560px) 100vw, 2560px\" \/><\/a><\/figure><\/div>\n\n\n\n<div class=\"wp-block-column is-layout-flow wp-block-column-is-layout-flow\" style=\"flex-basis:33.33%\"><h2 class=\"wp-block-post-title\">Collecte solidaire en pharmacie : la CPTS Ouest H\u00e9rault mobilis\u00e9e aux c\u00f4t\u00e9s des Restos du C\u0153ur<\/h2>\n\n<div class=\"wp-block-post-excerpt\"><p class=\"wp-block-post-excerpt__excerpt\">En ce mois d\u2019avril 2026, la CPTS Ouest H\u00e9rault, en partenariat avec les pharmacies du territoire, lance une grande collecte solidaire au profit des Restos du C\u0153ur de l\u2019H\u00e9rault, du 2 au 30 avril 2026.<\/p><p class=\"wp-block-post-excerpt__more-text\"><a class=\"wp-block-post-excerpt__more-link\" href=\"https:\/\/cpts-ouest-herault.fr\/index.php\/2026\/04\/08\/collecte-solidaire-en-pharmacie-la-cpts-ouest-herault-mobilisee-aux-cotes-des-restos-du-coeur\/\">Lire la suite<\/a><\/p><\/div><\/div>\n<\/div>\n\n<\/li><li class=\"wp-block-post post-550 post type-post status-publish format-standard has-post-thumbnail hentry category-cpts tag-cancer-colorectal tag-mars-bleu tag-prevention\">\n\n<div class=\"wp-block-columns alignwide is-layout-flex wp-container-core-columns-is-layout-28f84493 wp-block-columns-is-layout-flex\">\n<div class=\"wp-block-column is-layout-flow wp-block-column-is-layout-flow\" style=\"flex-basis:66.66%\"><figure class=\"wp-block-post-featured-image\"><a href=\"https:\/\/cpts-ouest-herault.fr\/index.php\/2026\/03\/13\/mars-bleu-mobilisation-pour-la-prevention-du-cancer-colorectal-a-boujan-sur-libron\/\" target=\"_self\"  ><img loading=\"lazy\" decoding=\"async\" width=\"2560\" height=\"1920\" src=\"https:\/\/cpts-ouest-herault.fr\/wp-content\/uploads\/2026\/03\/IMG_9341-scaled.jpg\" class=\"attachment-post-thumbnail size-post-thumbnail wp-post-image\" alt=\"Mars Bleu : mobilisation pour la pr\u00e9vention du cancer colorectal \u00e0 Boujan-sur-Libron\" style=\"object-fit:cover;\" srcset=\"https:\/\/cpts-ouest-herault.fr\/wp-content\/uploads\/2026\/03\/IMG_9341-scaled.jpg 2560w, https:\/\/cpts-ouest-herault.fr\/wp-content\/uploads\/2026\/03\/IMG_9341-300x225.jpg 300w, https:\/\/cpts-ouest-herault.fr\/wp-content\/uploads\/2026\/03\/IMG_9341-1024x768.jpg 1024w, https:\/\/cpts-ouest-herault.fr\/wp-content\/uploads\/2026\/03\/IMG_9341-768x576.jpg 768w, https:\/\/cpts-ouest-herault.fr\/wp-content\/uploads\/2026\/03\/IMG_9341-100x75.jpg 100w, https:\/\/cpts-ouest-herault.fr\/wp-content\/uploads\/2026\/03\/IMG_9341-1536x1152.jpg 1536w, https:\/\/cpts-ouest-herault.fr\/wp-content\/uploads\/2026\/03\/IMG_9341-2048x1536.jpg 2048w, https:\/\/cpts-ouest-herault.fr\/wp-content\/uploads\/2026\/03\/IMG_9341-1320x990.jpg 1320w\" sizes=\"auto, (max-width: 2560px) 100vw, 2560px\" \/><\/a><\/figure><\/div>\n\n\n\n<div class=\"wp-block-column is-layout-flow wp-block-column-is-layout-flow\" style=\"flex-basis:33.33%\"><h2 class=\"wp-block-post-title\">Mars Bleu : mobilisation pour la pr\u00e9vention du cancer colorectal \u00e0 Boujan-sur-Libron<\/h2>\n\n<div class=\"wp-block-post-excerpt\"><p class=\"wp-block-post-excerpt__excerpt\">Dans le cadre de Mars Bleu, le mois national d\u00e9di\u00e9 \u00e0 la pr\u00e9vention et au d\u00e9pistage du cancer colorectal, une action de sensibilisation a \u00e9t\u00e9 organis\u00e9e le 10 mars 2026 \u00e0 la Polyclinique Saint-Privat \u00e0 Boujan-sur-Libron, en pr\u00e9sence de plusieurs acteurs engag\u00e9s dans la pr\u00e9vention et la sant\u00e9 publique.<\/p><p class=\"wp-block-post-excerpt__more-text\"><a class=\"wp-block-post-excerpt__more-link\" href=\"https:\/\/cpts-ouest-herault.fr\/index.php\/2026\/03\/13\/mars-bleu-mobilisation-pour-la-prevention-du-cancer-colorectal-a-boujan-sur-libron\/\">Lire la suite<\/a><\/p><\/div><\/div>\n<\/div>\n\n<\/li><li class=\"wp-block-post post-537 post type-post status-publish format-standard hentry category-cpts tag-bienfaits-du-sommeil tag-journee-nationale-du-sommeil tag-prevention-sommeil tag-sante tag-sommeil\">\n\n<div class=\"wp-block-columns alignwide is-layout-flex wp-container-core-columns-is-layout-28f84493 wp-block-columns-is-layout-flex\">\n<div class=\"wp-block-column is-layout-flow wp-block-column-is-layout-flow\" style=\"flex-basis:66.66%\"><\/div>\n\n\n\n<div class=\"wp-block-column is-layout-flow wp-block-column-is-layout-flow\" style=\"flex-basis:33.33%\"><h2 class=\"wp-block-post-title\">Le sommeil : un pilier essentiel de la sant\u00e9<\/h2>\n\n<div class=\"wp-block-post-excerpt\"><p class=\"wp-block-post-excerpt__excerpt\">La CPTS Ouest H\u00e9rault propose une courte vid\u00e9o de sensibilisation au sommeil pr\u00e9sent\u00e9e par la Dre Laurence Safont. \u00c0 travers cette intervention, l\u2019objectif est de rappeler pourquoi le sommeil constitue un \u00e9l\u00e9ment fondamental de notre sant\u00e9 physique et mentale, et d\u2019expliquer les cons\u00e9quences d\u2019un sommeil insuffisant ou de mauvaise qualit\u00e9.<\/p><p class=\"wp-block-post-excerpt__more-text\"><a class=\"wp-block-post-excerpt__more-link\" href=\"https:\/\/cpts-ouest-herault.fr\/index.php\/2026\/03\/11\/le-sommeil-un-pilier-essentiel-de-la-sante\/\">Lire la suite<\/a><\/p><\/div><\/div>\n<\/div>\n\n<\/li><\/ul><\/div>\n\n\n\n<p><\/p>\n","protected":false},"excerpt":{"rendered":"","protected":false},"author":1,"featured_media":0,"parent":0,"menu_order":0,"comment_status":"closed","ping_status":"closed","template":"","meta":{"site-sidebar-layout":"default","site-content-layout":"","ast-site-content-layout":"default","site-content-style":"default","site-sidebar-style":"default","ast-global-header-display":"","ast-banner-title-visibility":"","ast-main-header-display":"","ast-hfb-above-header-display":"","ast-hfb-below-header-display":"","ast-hfb-mobile-header-display":"","site-post-title":"","ast-breadcrumbs-content":"","ast-featured-img":"","footer-sml-layout":"","theme-transparent-header-meta":"","adv-header-id-meta":"","stick-header-meta":"","header-above-stick-meta":"","header-main-stick-meta":"","header-below-stick-meta":"","astra-migrate-meta-layouts":"default","ast-page-background-enabled":"default","ast-page-background-meta":{"desktop":{"background-color":"var(--ast-global-color-5)","background-image":"","background-repeat":"repeat","background-position":"center center","background-size":"auto","background-attachment":"scroll","background-type":"","background-media":"","overlay-type":"","overlay-color":"","overlay-opacity":"","overlay-gradient":""},"tablet":{"background-color":"","background-image":"","background-repeat":"repeat","background-position":"center center","background-size":"auto","background-attachment":"scroll","background-type":"","background-media":"","overlay-type":"","overlay-color":"","overlay-opacity":"","overlay-gradient":""},"mobile":{"background-color":"","background-image":"","background-repeat":"repeat","background-position":"center center","background-size":"auto","background-attachment":"scroll","background-type":"","background-media":"","overlay-type":"","overlay-color":"","overlay-opacity":"","overlay-gradient":""}},"ast-content-background-meta":{"desktop":{"background-color":"var(--ast-global-color-4)","background-image":"","background-repeat":"repeat","background-position":"center center","background-size":"auto","background-attachment":"scroll","background-type":"","background-media":"","overlay-type":"","overlay-color":"","overlay-opacity":"","overlay-gradient":""},"tablet":{"background-color":"var(--ast-global-color-4)","background-image":"","background-repeat":"repeat","background-position":"center center","background-size":"auto","background-attachment":"scroll","background-type":"","background-media":"","overlay-type":"","overlay-color":"","overlay-opacity":"","overlay-gradient":""},"mobile":{"background-color":"var(--ast-global-color-4)","background-image":"","background-repeat":"repeat","background-position":"center center","background-size":"auto","background-attachment":"scroll","background-type":"","background-media":"","overlay-type":"","overlay-color":"","overlay-opacity":"","overlay-gradient":""}},"footnotes":""},"class_list":["post-429","page","type-page","status-publish","hentry"],"yoast_head":"<!-- This site is optimized with the Yoast SEO plugin v27.4 - https:\/\/yoast.com\/product\/yoast-seo-wordpress\/ -->\n<title>Actualit\u00e9s de la CPTS - CPTS Ouest H\u00e9rault<\/title>\n<meta name=\"robots\" content=\"index, follow, max-snippet:-1, max-image-preview:large, max-video-preview:-1\" \/>\n<link rel=\"canonical\" href=\"https:\/\/cpts-ouest-herault.fr\/index.php\/actualites-de-la-cpts\/\" \/>\n<meta property=\"og:locale\" content=\"fr_FR\" \/>\n<meta property=\"og:type\" content=\"article\" \/>\n<meta property=\"og:title\" content=\"Actualit\u00e9s de la CPTS - CPTS Ouest H\u00e9rault\" \/>\n<meta property=\"og:url\" content=\"https:\/\/cpts-ouest-herault.fr\/index.php\/actualites-de-la-cpts\/\" \/>\n<meta property=\"og:site_name\" content=\"CPTS Ouest H\u00e9rault\" \/>\n<meta property=\"article:modified_time\" content=\"2025-11-19T15:33:15+00:00\" \/>\n<meta name=\"twitter:card\" content=\"summary_large_image\" \/>\n<script type=\"application\/ld+json\" class=\"yoast-schema-graph\">{\"@context\":\"https:\\\/\\\/schema.org\",\"@graph\":[{\"@type\":\"WebPage\",\"@id\":\"https:\\\/\\\/cpts-ouest-herault.fr\\\/index.php\\\/actualites-de-la-cpts\\\/\",\"url\":\"https:\\\/\\\/cpts-ouest-herault.fr\\\/index.php\\\/actualites-de-la-cpts\\\/\",\"name\":\"Actualit\u00e9s de la CPTS - CPTS Ouest H\u00e9rault\",\"isPartOf\":{\"@id\":\"https:\\\/\\\/cpts-ouest-herault.fr\\\/#website\"},\"datePublished\":\"2025-11-19T15:33:14+00:00\",\"dateModified\":\"2025-11-19T15:33:15+00:00\",\"breadcrumb\":{\"@id\":\"https:\\\/\\\/cpts-ouest-herault.fr\\\/index.php\\\/actualites-de-la-cpts\\\/#breadcrumb\"},\"inLanguage\":\"fr-FR\",\"potentialAction\":[{\"@type\":\"ReadAction\",\"target\":[\"https:\\\/\\\/cpts-ouest-herault.fr\\\/index.php\\\/actualites-de-la-cpts\\\/\"]}]},{\"@type\":\"BreadcrumbList\",\"@id\":\"https:\\\/\\\/cpts-ouest-herault.fr\\\/index.php\\\/actualites-de-la-cpts\\\/#breadcrumb\",\"itemListElement\":[{\"@type\":\"ListItem\",\"position\":1,\"name\":\"Accueil\",\"item\":\"https:\\\/\\\/cpts-ouest-herault.fr\\\/\"},{\"@type\":\"ListItem\",\"position\":2,\"name\":\"Actualit\u00e9s de la CPTS\"}]},{\"@type\":\"WebSite\",\"@id\":\"https:\\\/\\\/cpts-ouest-herault.fr\\\/#website\",\"url\":\"https:\\\/\\\/cpts-ouest-herault.fr\\\/\",\"name\":\"CPTS Ouest H\u00e9rault\",\"description\":\"\",\"publisher\":{\"@id\":\"https:\\\/\\\/cpts-ouest-herault.fr\\\/#organization\"},\"potentialAction\":[{\"@type\":\"SearchAction\",\"target\":{\"@type\":\"EntryPoint\",\"urlTemplate\":\"https:\\\/\\\/cpts-ouest-herault.fr\\\/?s={search_term_string}\"},\"query-input\":{\"@type\":\"PropertyValueSpecification\",\"valueRequired\":true,\"valueName\":\"search_term_string\"}}],\"inLanguage\":\"fr-FR\"},{\"@type\":\"Organization\",\"@id\":\"https:\\\/\\\/cpts-ouest-herault.fr\\\/#organization\",\"name\":\"CPTS Ouest H\u00e9rault\",\"url\":\"https:\\\/\\\/cpts-ouest-herault.fr\\\/\",\"logo\":{\"@type\":\"ImageObject\",\"inLanguage\":\"fr-FR\",\"@id\":\"https:\\\/\\\/cpts-ouest-herault.fr\\\/#\\\/schema\\\/logo\\\/image\\\/\",\"url\":\"https:\\\/\\\/cpts-ouest-herault.fr\\\/wp-content\\\/uploads\\\/2025\\\/03\\\/cropped-Logo-CPTS-Modifie.png\",\"contentUrl\":\"https:\\\/\\\/cpts-ouest-herault.fr\\\/wp-content\\\/uploads\\\/2025\\\/03\\\/cropped-Logo-CPTS-Modifie.png\",\"width\":175,\"height\":134,\"caption\":\"CPTS Ouest H\u00e9rault\"},\"image\":{\"@id\":\"https:\\\/\\\/cpts-ouest-herault.fr\\\/#\\\/schema\\\/logo\\\/image\\\/\"},\"sameAs\":[\"https:\\\/\\\/www.linkedin.com\\\/company\\\/cpts-ouest-herault\"]}]}<\/script>\n<!-- \/ Yoast SEO plugin. -->","yoast_head_json":{"title":"Actualit\u00e9s de la CPTS - CPTS Ouest H\u00e9rault","robots":{"index":"index","follow":"follow","max-snippet":"max-snippet:-1","max-image-preview":"max-image-preview:large","max-video-preview":"max-video-preview:-1"},"canonical":"https:\/\/cpts-ouest-herault.fr\/index.php\/actualites-de-la-cpts\/","og_locale":"fr_FR","og_type":"article","og_title":"Actualit\u00e9s de la CPTS - CPTS Ouest H\u00e9rault","og_url":"https:\/\/cpts-ouest-herault.fr\/index.php\/actualites-de-la-cpts\/","og_site_name":"CPTS Ouest H\u00e9rault","article_modified_time":"2025-11-19T15:33:15+00:00","twitter_card":"summary_large_image","schema":{"@context":"https:\/\/schema.org","@graph":[{"@type":"WebPage","@id":"https:\/\/cpts-ouest-herault.fr\/index.php\/actualites-de-la-cpts\/","url":"https:\/\/cpts-ouest-herault.fr\/index.php\/actualites-de-la-cpts\/","name":"Actualit\u00e9s de la CPTS - CPTS Ouest H\u00e9rault","isPartOf":{"@id":"https:\/\/cpts-ouest-herault.fr\/#website"},"datePublished":"2025-11-19T15:33:14+00:00","dateModified":"2025-11-19T15:33:15+00:00","breadcrumb":{"@id":"https:\/\/cpts-ouest-herault.fr\/index.php\/actualites-de-la-cpts\/#breadcrumb"},"inLanguage":"fr-FR","potentialAction":[{"@type":"ReadAction","target":["https:\/\/cpts-ouest-herault.fr\/index.php\/actualites-de-la-cpts\/"]}]},{"@type":"BreadcrumbList","@id":"https:\/\/cpts-ouest-herault.fr\/index.php\/actualites-de-la-cpts\/#breadcrumb","itemListElement":[{"@type":"ListItem","position":1,"name":"Accueil","item":"https:\/\/cpts-ouest-herault.fr\/"},{"@type":"ListItem","position":2,"name":"Actualit\u00e9s de la CPTS"}]},{"@type":"WebSite","@id":"https:\/\/cpts-ouest-herault.fr\/#website","url":"https:\/\/cpts-ouest-herault.fr\/","name":"CPTS Ouest H\u00e9rault","description":"","publisher":{"@id":"https:\/\/cpts-ouest-herault.fr\/#organization"},"potentialAction":[{"@type":"SearchAction","target":{"@type":"EntryPoint","urlTemplate":"https:\/\/cpts-ouest-herault.fr\/?s={search_term_string}"},"query-input":{"@type":"PropertyValueSpecification","valueRequired":true,"valueName":"search_term_string"}}],"inLanguage":"fr-FR"},{"@type":"Organization","@id":"https:\/\/cpts-ouest-herault.fr\/#organization","name":"CPTS Ouest H\u00e9rault","url":"https:\/\/cpts-ouest-herault.fr\/","logo":{"@type":"ImageObject","inLanguage":"fr-FR","@id":"https:\/\/cpts-ouest-herault.fr\/#\/schema\/logo\/image\/","url":"https:\/\/cpts-ouest-herault.fr\/wp-content\/uploads\/2025\/03\/cropped-Logo-CPTS-Modifie.png","contentUrl":"https:\/\/cpts-ouest-herault.fr\/wp-content\/uploads\/2025\/03\/cropped-Logo-CPTS-Modifie.png","width":175,"height":134,"caption":"CPTS Ouest H\u00e9rault"},"image":{"@id":"https:\/\/cpts-ouest-herault.fr\/#\/schema\/logo\/image\/"},"sameAs":["https:\/\/www.linkedin.com\/company\/cpts-ouest-herault"]}]}},"_links":{"self":[{"href":"https:\/\/cpts-ouest-herault.fr\/index.php\/wp-json\/wp\/v2\/pages\/429","targetHints":{"allow":["GET"]}}],"collection":[{"href":"https:\/\/cpts-ouest-herault.fr\/index.php\/wp-json\/wp\/v2\/pages"}],"about":[{"href":"https:\/\/cpts-ouest-herault.fr\/index.php\/wp-json\/wp\/v2\/types\/page"}],"author":[{"embeddable":true,"href":"https:\/\/cpts-ouest-herault.fr\/index.php\/wp-json\/wp\/v2\/users\/1"}],"replies":[{"embeddable":true,"href":"https:\/\/cpts-ouest-herault.fr\/index.php\/wp-json\/wp\/v2\/comments?post=429"}],"version-history":[{"count":0,"href":"https:\/\/cpts-ouest-herault.fr\/index.php\/wp-json\/wp\/v2\/pages\/429\/revisions"}],"wp:attachment":[{"href":"https:\/\/cpts-ouest-herault.fr\/index.php\/wp-json\/wp\/v2\/media?parent=429"}],"curies":[{"name":"wp","href":"https:\/\/api.w.org\/{rel}","templated":true}]}}