{"id":430,"date":"2025-11-19T16:41:23","date_gmt":"2025-11-19T15:41:23","guid":{"rendered":"https:\/\/cpts-ouest-herault.fr\/?page_id=430"},"modified":"2025-11-19T16:41:24","modified_gmt":"2025-11-19T15:41:24","slug":"actualites-locales-et-regionales","status":"publish","type":"page","link":"https:\/\/cpts-ouest-herault.fr\/index.php\/actualites-locales-et-regionales\/","title":{"rendered":"Actualit\u00e9s locales et r\u00e9gionales"},"content":{"rendered":"\n<div class=\"wp-block-query is-layout-flow wp-block-query-is-layout-flow\"><ul class=\"wp-block-post-template is-layout-flow wp-block-post-template-is-layout-flow\"><li class=\"wp-block-post post-473 post type-post status-publish format-standard has-post-thumbnail hentry category-national\">\n\n<div class=\"wp-block-columns alignwide is-layout-flex wp-container-core-columns-is-layout-28f84493 wp-block-columns-is-layout-flex\">\n<div class=\"wp-block-column is-layout-flow wp-block-column-is-layout-flow\" style=\"flex-basis:66.66%\"><figure class=\"wp-block-post-featured-image\"><a href=\"https:\/\/cpts-ouest-herault.fr\/index.php\/2025\/12\/15\/plan-grand-froid-2025-prevenir-les-risques-sanitaires-pendant-lhiver\/\" target=\"_self\"  ><img loading=\"lazy\" decoding=\"async\" width=\"2560\" height=\"1440\" src=\"https:\/\/cpts-ouest-herault.fr\/wp-content\/uploads\/2025\/12\/Image-article-CPTS.png\" class=\"attachment-post-thumbnail size-post-thumbnail wp-post-image\" alt=\"Plan Grand Froid 2025 : pr\u00e9venir les risques sanitaires pendant l\u2019hiver\" style=\"object-fit:cover;\" srcset=\"https:\/\/cpts-ouest-herault.fr\/wp-content\/uploads\/2025\/12\/Image-article-CPTS.png 2560w, https:\/\/cpts-ouest-herault.fr\/wp-content\/uploads\/2025\/12\/Image-article-CPTS-300x169.png 300w, https:\/\/cpts-ouest-herault.fr\/wp-content\/uploads\/2025\/12\/Image-article-CPTS-1024x576.png 1024w, https:\/\/cpts-ouest-herault.fr\/wp-content\/uploads\/2025\/12\/Image-article-CPTS-768x432.png 768w, https:\/\/cpts-ouest-herault.fr\/wp-content\/uploads\/2025\/12\/Image-article-CPTS-100x56.png 100w, https:\/\/cpts-ouest-herault.fr\/wp-content\/uploads\/2025\/12\/Image-article-CPTS-1536x864.png 1536w, https:\/\/cpts-ouest-herault.fr\/wp-content\/uploads\/2025\/12\/Image-article-CPTS-2048x1152.png 2048w, https:\/\/cpts-ouest-herault.fr\/wp-content\/uploads\/2025\/12\/Image-article-CPTS-1320x743.png 1320w\" sizes=\"auto, (max-width: 2560px) 100vw, 2560px\" \/><\/a><\/figure><\/div>\n\n\n\n<div class=\"wp-block-column is-layout-flow wp-block-column-is-layout-flow\" style=\"flex-basis:33.33%\"><h2 class=\"wp-block-post-title\"><a href=\"https:\/\/cpts-ouest-herault.fr\/index.php\/2025\/12\/15\/plan-grand-froid-2025-prevenir-les-risques-sanitaires-pendant-lhiver\/\" target=\"_self\" >Plan Grand Froid 2025 : pr\u00e9venir les risques sanitaires pendant l\u2019hiver<\/a><\/h2>\n\n<div class=\"wp-block-post-excerpt\"><p class=\"wp-block-post-excerpt__excerpt\">Avec l\u2019arriv\u00e9e de l\u2019hiver, les p\u00e9riodes de grand froid augmentent les risques pour la sant\u00e9, en particulier chez les personnes \u00e2g\u00e9es, les nourrissons, les personnes atteintes de maladies chroniques et les personnes en situation de pr\u00e9carit\u00e9. Dans ce contexte, la CPTS Ouest H\u00e9rault relaie les recommandations du Plan Grand Froid 2025, afin de renforcer la\u2026<\/p><p class=\"wp-block-post-excerpt__more-text\"><a class=\"wp-block-post-excerpt__more-link\" href=\"https:\/\/cpts-ouest-herault.fr\/index.php\/2025\/12\/15\/plan-grand-froid-2025-prevenir-les-risques-sanitaires-pendant-lhiver\/\">Lire la suite<\/a><\/p><\/div><\/div>\n<\/div>\n\n<\/li><li class=\"wp-block-post post-439 post type-post status-publish format-standard has-post-thumbnail hentry category-national\">\n\n<div class=\"wp-block-columns alignwide is-layout-flex wp-container-core-columns-is-layout-28f84493 wp-block-columns-is-layout-flex\">\n<div class=\"wp-block-column is-layout-flow wp-block-column-is-layout-flow\" style=\"flex-basis:66.66%\"><figure class=\"wp-block-post-featured-image\"><a href=\"https:\/\/cpts-ouest-herault.fr\/index.php\/2025\/11\/28\/troubles-du-neurodeveloppement-viatrajectoire-evolue-pour-faciliter-le-reperage-des-enfants-de-7-a-12-ans\/\" target=\"_self\"  ><img loading=\"lazy\" decoding=\"async\" width=\"2560\" height=\"1440\" src=\"https:\/\/cpts-ouest-herault.fr\/wp-content\/uploads\/2025\/11\/Image-article-CPTS.png\" class=\"attachment-post-thumbnail size-post-thumbnail wp-post-image\" alt=\"Troubles du neurod\u00e9veloppement : ViaTrajectoire \u00e9volue pour faciliter le rep\u00e9rage des enfants de 7 \u00e0 12 ans\" style=\"object-fit:cover;\" srcset=\"https:\/\/cpts-ouest-herault.fr\/wp-content\/uploads\/2025\/11\/Image-article-CPTS.png 2560w, https:\/\/cpts-ouest-herault.fr\/wp-content\/uploads\/2025\/11\/Image-article-CPTS-300x169.png 300w, https:\/\/cpts-ouest-herault.fr\/wp-content\/uploads\/2025\/11\/Image-article-CPTS-1024x576.png 1024w, https:\/\/cpts-ouest-herault.fr\/wp-content\/uploads\/2025\/11\/Image-article-CPTS-768x432.png 768w, https:\/\/cpts-ouest-herault.fr\/wp-content\/uploads\/2025\/11\/Image-article-CPTS-100x56.png 100w, https:\/\/cpts-ouest-herault.fr\/wp-content\/uploads\/2025\/11\/Image-article-CPTS-1536x864.png 1536w, https:\/\/cpts-ouest-herault.fr\/wp-content\/uploads\/2025\/11\/Image-article-CPTS-2048x1152.png 2048w, https:\/\/cpts-ouest-herault.fr\/wp-content\/uploads\/2025\/11\/Image-article-CPTS-1320x743.png 1320w\" sizes=\"auto, (max-width: 2560px) 100vw, 2560px\" \/><\/a><\/figure><\/div>\n\n\n\n<div class=\"wp-block-column is-layout-flow wp-block-column-is-layout-flow\" style=\"flex-basis:33.33%\"><h2 class=\"wp-block-post-title\"><a href=\"https:\/\/cpts-ouest-herault.fr\/index.php\/2025\/11\/28\/troubles-du-neurodeveloppement-viatrajectoire-evolue-pour-faciliter-le-reperage-des-enfants-de-7-a-12-ans\/\" target=\"_self\" >Troubles du neurod\u00e9veloppement : ViaTrajectoire \u00e9volue pour faciliter le rep\u00e9rage des enfants de 7 \u00e0 12 ans<\/a><\/h2>\n\n<div class=\"wp-block-post-excerpt\"><p class=\"wp-block-post-excerpt__excerpt\">\u00c0 partir du 1er d\u00e9cembre 2025, le logiciel ViaTrajectoire \u00e9volue afin de simplifier et d\u2019acc\u00e9l\u00e9rer le rep\u00e9rage des troubles du neurod\u00e9veloppement (TND) chez les enfants de 7 \u00e0 12 ans. Cette mise \u00e0 jour permettra aux familles, aux enseignants et aux m\u00e9decins de compl\u00e9ter ensemble un m\u00eame dossier num\u00e9rique, transmis directement aux Plateformes de Coordination\u2026<\/p><p class=\"wp-block-post-excerpt__more-text\"><a class=\"wp-block-post-excerpt__more-link\" href=\"https:\/\/cpts-ouest-herault.fr\/index.php\/2025\/11\/28\/troubles-du-neurodeveloppement-viatrajectoire-evolue-pour-faciliter-le-reperage-des-enfants-de-7-a-12-ans\/\">Lire la suite<\/a><\/p><\/div><\/div>\n<\/div>\n\n<\/li><li class=\"wp-block-post post-424 post type-post status-publish format-standard has-post-thumbnail hentry category-national\">\n\n<div class=\"wp-block-columns alignwide is-layout-flex wp-container-core-columns-is-layout-28f84493 wp-block-columns-is-layout-flex\">\n<div class=\"wp-block-column is-layout-flow wp-block-column-is-layout-flow\" style=\"flex-basis:66.66%\"><figure class=\"wp-block-post-featured-image\"><a href=\"https:\/\/cpts-ouest-herault.fr\/index.php\/2025\/10\/29\/france-alzheimer-herault-fete-ses-40-ans-au-palais-des-congres-de-beziers\/\" target=\"_self\"  ><img loading=\"lazy\" decoding=\"async\" width=\"381\" height=\"258\" src=\"https:\/\/cpts-ouest-herault.fr\/wp-content\/uploads\/2025\/10\/Theatre-MARIUS.png\" class=\"attachment-post-thumbnail size-post-thumbnail wp-post-image\" alt=\"France Alzheimer H\u00e9rault f\u00eate ses 40 ans au Palais des Congr\u00e8s de B\u00e9ziers\" style=\"object-fit:cover;\" srcset=\"https:\/\/cpts-ouest-herault.fr\/wp-content\/uploads\/2025\/10\/Theatre-MARIUS.png 381w, https:\/\/cpts-ouest-herault.fr\/wp-content\/uploads\/2025\/10\/Theatre-MARIUS-300x203.png 300w, https:\/\/cpts-ouest-herault.fr\/wp-content\/uploads\/2025\/10\/Theatre-MARIUS-100x68.png 100w\" sizes=\"auto, (max-width: 381px) 100vw, 381px\" \/><\/a><\/figure><\/div>\n\n\n\n<div class=\"wp-block-column is-layout-flow wp-block-column-is-layout-flow\" style=\"flex-basis:33.33%\"><h2 class=\"wp-block-post-title\"><a href=\"https:\/\/cpts-ouest-herault.fr\/index.php\/2025\/10\/29\/france-alzheimer-herault-fete-ses-40-ans-au-palais-des-congres-de-beziers\/\" target=\"_self\" >France Alzheimer H\u00e9rault f\u00eate ses 40 ans au Palais des Congr\u00e8s de B\u00e9ziers<\/a><\/h2>\n\n<div class=\"wp-block-post-excerpt\"><p class=\"wp-block-post-excerpt__excerpt\">\u00c0 l\u2019occasion de ses 40 ans d\u2019engagement, l\u2019association France Alzheimer H\u00e9rault organise une soir\u00e9e exceptionnelle le vendredi 14 novembre 2025 \u00e0 19h au Palais des Congr\u00e8s de B\u00e9ziers.<\/p><p class=\"wp-block-post-excerpt__more-text\"><a class=\"wp-block-post-excerpt__more-link\" href=\"https:\/\/cpts-ouest-herault.fr\/index.php\/2025\/10\/29\/france-alzheimer-herault-fete-ses-40-ans-au-palais-des-congres-de-beziers\/\">Lire la suite<\/a><\/p><\/div><\/div>\n<\/div>\n\n<\/li><\/ul><\/div>\n\n\n\n<p><\/p>\n","protected":false},"excerpt":{"rendered":"","protected":false},"author":1,"featured_media":0,"parent":0,"menu_order":0,"comment_status":"closed","ping_status":"closed","template":"","meta":{"site-sidebar-layout":"default","site-content-layout":"","ast-site-content-layout":"default","site-content-style":"default","site-sidebar-style":"default","ast-global-header-display":"","ast-banner-title-visibility":"","ast-main-header-display":"","ast-hfb-above-header-display":"","ast-hfb-below-header-display":"","ast-hfb-mobile-header-display":"","site-post-title":"","ast-breadcrumbs-content":"","ast-featured-img":"","footer-sml-layout":"","theme-transparent-header-meta":"","adv-header-id-meta":"","stick-header-meta":"","header-above-stick-meta":"","header-main-stick-meta":"","header-below-stick-meta":"","astra-migrate-meta-layouts":"default","ast-page-background-enabled":"default","ast-page-background-meta":{"desktop":{"background-color":"var(--ast-global-color-5)","background-image":"","background-repeat":"repeat","background-position":"center center","background-size":"auto","background-attachment":"scroll","background-type":"","background-media":"","overlay-type":"","overlay-color":"","overlay-opacity":"","overlay-gradient":""},"tablet":{"background-color":"","background-image":"","background-repeat":"repeat","background-position":"center center","background-size":"auto","background-attachment":"scroll","background-type":"","background-media":"","overlay-type":"","overlay-color":"","overlay-opacity":"","overlay-gradient":""},"mobile":{"background-color":"","background-image":"","background-repeat":"repeat","background-position":"center center","background-size":"auto","background-attachment":"scroll","background-type":"","background-media":"","overlay-type":"","overlay-color":"","overlay-opacity":"","overlay-gradient":""}},"ast-content-background-meta":{"desktop":{"background-color":"var(--ast-global-color-4)","background-image":"","background-repeat":"repeat","background-position":"center center","background-size":"auto","background-attachment":"scroll","background-type":"","background-media":"","overlay-type":"","overlay-color":"","overlay-opacity":"","overlay-gradient":""},"tablet":{"background-color":"var(--ast-global-color-4)","background-image":"","background-repeat":"repeat","background-position":"center center","background-size":"auto","background-attachment":"scroll","background-type":"","background-media":"","overlay-type":"","overlay-color":"","overlay-opacity":"","overlay-gradient":""},"mobile":{"background-color":"var(--ast-global-color-4)","background-image":"","background-repeat":"repeat","background-position":"center center","background-size":"auto","background-attachment":"scroll","background-type":"","background-media":"","overlay-type":"","overlay-color":"","overlay-opacity":"","overlay-gradient":""}},"footnotes":""},"class_list":["post-430","page","type-page","status-publish","hentry"],"yoast_head":"<!-- This site is optimized with the Yoast SEO plugin v27.4 - https:\/\/yoast.com\/product\/yoast-seo-wordpress\/ -->\n<title>Actualit\u00e9s locales et r\u00e9gionales - CPTS Ouest H\u00e9rault<\/title>\n<meta name=\"robots\" content=\"index, follow, max-snippet:-1, max-image-preview:large, max-video-preview:-1\" \/>\n<link rel=\"canonical\" href=\"https:\/\/cpts-ouest-herault.fr\/index.php\/actualites-locales-et-regionales\/\" \/>\n<meta property=\"og:locale\" content=\"fr_FR\" \/>\n<meta property=\"og:type\" content=\"article\" \/>\n<meta property=\"og:title\" content=\"Actualit\u00e9s locales et r\u00e9gionales - CPTS Ouest H\u00e9rault\" \/>\n<meta property=\"og:url\" content=\"https:\/\/cpts-ouest-herault.fr\/index.php\/actualites-locales-et-regionales\/\" \/>\n<meta property=\"og:site_name\" content=\"CPTS Ouest H\u00e9rault\" \/>\n<meta property=\"article:modified_time\" content=\"2025-11-19T15:41:24+00:00\" \/>\n<meta name=\"twitter:card\" content=\"summary_large_image\" \/>\n<script type=\"application\/ld+json\" class=\"yoast-schema-graph\">{\"@context\":\"https:\\\/\\\/schema.org\",\"@graph\":[{\"@type\":\"WebPage\",\"@id\":\"https:\\\/\\\/cpts-ouest-herault.fr\\\/index.php\\\/actualites-locales-et-regionales\\\/\",\"url\":\"https:\\\/\\\/cpts-ouest-herault.fr\\\/index.php\\\/actualites-locales-et-regionales\\\/\",\"name\":\"Actualit\u00e9s locales et r\u00e9gionales - CPTS Ouest H\u00e9rault\",\"isPartOf\":{\"@id\":\"https:\\\/\\\/cpts-ouest-herault.fr\\\/#website\"},\"datePublished\":\"2025-11-19T15:41:23+00:00\",\"dateModified\":\"2025-11-19T15:41:24+00:00\",\"breadcrumb\":{\"@id\":\"https:\\\/\\\/cpts-ouest-herault.fr\\\/index.php\\\/actualites-locales-et-regionales\\\/#breadcrumb\"},\"inLanguage\":\"fr-FR\",\"potentialAction\":[{\"@type\":\"ReadAction\",\"target\":[\"https:\\\/\\\/cpts-ouest-herault.fr\\\/index.php\\\/actualites-locales-et-regionales\\\/\"]}]},{\"@type\":\"BreadcrumbList\",\"@id\":\"https:\\\/\\\/cpts-ouest-herault.fr\\\/index.php\\\/actualites-locales-et-regionales\\\/#breadcrumb\",\"itemListElement\":[{\"@type\":\"ListItem\",\"position\":1,\"name\":\"Accueil\",\"item\":\"https:\\\/\\\/cpts-ouest-herault.fr\\\/\"},{\"@type\":\"ListItem\",\"position\":2,\"name\":\"Actualit\u00e9s locales et r\u00e9gionales\"}]},{\"@type\":\"WebSite\",\"@id\":\"https:\\\/\\\/cpts-ouest-herault.fr\\\/#website\",\"url\":\"https:\\\/\\\/cpts-ouest-herault.fr\\\/\",\"name\":\"CPTS Ouest H\u00e9rault\",\"description\":\"\",\"publisher\":{\"@id\":\"https:\\\/\\\/cpts-ouest-herault.fr\\\/#organization\"},\"potentialAction\":[{\"@type\":\"SearchAction\",\"target\":{\"@type\":\"EntryPoint\",\"urlTemplate\":\"https:\\\/\\\/cpts-ouest-herault.fr\\\/?s={search_term_string}\"},\"query-input\":{\"@type\":\"PropertyValueSpecification\",\"valueRequired\":true,\"valueName\":\"search_term_string\"}}],\"inLanguage\":\"fr-FR\"},{\"@type\":\"Organization\",\"@id\":\"https:\\\/\\\/cpts-ouest-herault.fr\\\/#organization\",\"name\":\"CPTS Ouest H\u00e9rault\",\"url\":\"https:\\\/\\\/cpts-ouest-herault.fr\\\/\",\"logo\":{\"@type\":\"ImageObject\",\"inLanguage\":\"fr-FR\",\"@id\":\"https:\\\/\\\/cpts-ouest-herault.fr\\\/#\\\/schema\\\/logo\\\/image\\\/\",\"url\":\"https:\\\/\\\/cpts-ouest-herault.fr\\\/wp-content\\\/uploads\\\/2025\\\/03\\\/cropped-Logo-CPTS-Modifie.png\",\"contentUrl\":\"https:\\\/\\\/cpts-ouest-herault.fr\\\/wp-content\\\/uploads\\\/2025\\\/03\\\/cropped-Logo-CPTS-Modifie.png\",\"width\":175,\"height\":134,\"caption\":\"CPTS Ouest H\u00e9rault\"},\"image\":{\"@id\":\"https:\\\/\\\/cpts-ouest-herault.fr\\\/#\\\/schema\\\/logo\\\/image\\\/\"},\"sameAs\":[\"https:\\\/\\\/www.linkedin.com\\\/company\\\/cpts-ouest-herault\"]}]}<\/script>\n<!-- \/ Yoast SEO plugin. -->","yoast_head_json":{"title":"Actualit\u00e9s locales et r\u00e9gionales - CPTS Ouest H\u00e9rault","robots":{"index":"index","follow":"follow","max-snippet":"max-snippet:-1","max-image-preview":"max-image-preview:large","max-video-preview":"max-video-preview:-1"},"canonical":"https:\/\/cpts-ouest-herault.fr\/index.php\/actualites-locales-et-regionales\/","og_locale":"fr_FR","og_type":"article","og_title":"Actualit\u00e9s locales et r\u00e9gionales - CPTS Ouest H\u00e9rault","og_url":"https:\/\/cpts-ouest-herault.fr\/index.php\/actualites-locales-et-regionales\/","og_site_name":"CPTS Ouest H\u00e9rault","article_modified_time":"2025-11-19T15:41:24+00:00","twitter_card":"summary_large_image","schema":{"@context":"https:\/\/schema.org","@graph":[{"@type":"WebPage","@id":"https:\/\/cpts-ouest-herault.fr\/index.php\/actualites-locales-et-regionales\/","url":"https:\/\/cpts-ouest-herault.fr\/index.php\/actualites-locales-et-regionales\/","name":"Actualit\u00e9s locales et r\u00e9gionales - CPTS Ouest H\u00e9rault","isPartOf":{"@id":"https:\/\/cpts-ouest-herault.fr\/#website"},"datePublished":"2025-11-19T15:41:23+00:00","dateModified":"2025-11-19T15:41:24+00:00","breadcrumb":{"@id":"https:\/\/cpts-ouest-herault.fr\/index.php\/actualites-locales-et-regionales\/#breadcrumb"},"inLanguage":"fr-FR","potentialAction":[{"@type":"ReadAction","target":["https:\/\/cpts-ouest-herault.fr\/index.php\/actualites-locales-et-regionales\/"]}]},{"@type":"BreadcrumbList","@id":"https:\/\/cpts-ouest-herault.fr\/index.php\/actualites-locales-et-regionales\/#breadcrumb","itemListElement":[{"@type":"ListItem","position":1,"name":"Accueil","item":"https:\/\/cpts-ouest-herault.fr\/"},{"@type":"ListItem","position":2,"name":"Actualit\u00e9s locales et r\u00e9gionales"}]},{"@type":"WebSite","@id":"https:\/\/cpts-ouest-herault.fr\/#website","url":"https:\/\/cpts-ouest-herault.fr\/","name":"CPTS Ouest H\u00e9rault","description":"","publisher":{"@id":"https:\/\/cpts-ouest-herault.fr\/#organization"},"potentialAction":[{"@type":"SearchAction","target":{"@type":"EntryPoint","urlTemplate":"https:\/\/cpts-ouest-herault.fr\/?s={search_term_string}"},"query-input":{"@type":"PropertyValueSpecification","valueRequired":true,"valueName":"search_term_string"}}],"inLanguage":"fr-FR"},{"@type":"Organization","@id":"https:\/\/cpts-ouest-herault.fr\/#organization","name":"CPTS Ouest H\u00e9rault","url":"https:\/\/cpts-ouest-herault.fr\/","logo":{"@type":"ImageObject","inLanguage":"fr-FR","@id":"https:\/\/cpts-ouest-herault.fr\/#\/schema\/logo\/image\/","url":"https:\/\/cpts-ouest-herault.fr\/wp-content\/uploads\/2025\/03\/cropped-Logo-CPTS-Modifie.png","contentUrl":"https:\/\/cpts-ouest-herault.fr\/wp-content\/uploads\/2025\/03\/cropped-Logo-CPTS-Modifie.png","width":175,"height":134,"caption":"CPTS Ouest H\u00e9rault"},"image":{"@id":"https:\/\/cpts-ouest-herault.fr\/#\/schema\/logo\/image\/"},"sameAs":["https:\/\/www.linkedin.com\/company\/cpts-ouest-herault"]}]}},"_links":{"self":[{"href":"https:\/\/cpts-ouest-herault.fr\/index.php\/wp-json\/wp\/v2\/pages\/430","targetHints":{"allow":["GET"]}}],"collection":[{"href":"https:\/\/cpts-ouest-herault.fr\/index.php\/wp-json\/wp\/v2\/pages"}],"about":[{"href":"https:\/\/cpts-ouest-herault.fr\/index.php\/wp-json\/wp\/v2\/types\/page"}],"author":[{"embeddable":true,"href":"https:\/\/cpts-ouest-herault.fr\/index.php\/wp-json\/wp\/v2\/users\/1"}],"replies":[{"embeddable":true,"href":"https:\/\/cpts-ouest-herault.fr\/index.php\/wp-json\/wp\/v2\/comments?post=430"}],"version-history":[{"count":0,"href":"https:\/\/cpts-ouest-herault.fr\/index.php\/wp-json\/wp\/v2\/pages\/430\/revisions"}],"wp:attachment":[{"href":"https:\/\/cpts-ouest-herault.fr\/index.php\/wp-json\/wp\/v2\/media?parent=430"}],"curies":[{"name":"wp","href":"https:\/\/api.w.org\/{rel}","templated":true}]}}